{"id":3764,"date":"2022-09-26T11:57:59","date_gmt":"2022-09-26T11:57:59","guid":{"rendered":"https:\/\/www.riddle.com\/blog\/e-mail-bestaetigt\/"},"modified":"2024-08-19T14:13:20","modified_gmt":"2024-08-19T14:13:20","slug":"e-mail-bestaetigt","status":"publish","type":"page","link":"https:\/\/www.riddle.com\/blog\/de\/e-mail-bestaetigt\/","title":{"rendered":"E-Mail best\u00e4tigt"},"content":{"rendered":"\n<div class=\"wp-block-buttons is-layout-flex wp-block-buttons-is-layout-flex\"><\/div>\n\n<div class=\"wp-block-columns is-layout-flex wp-container-core-columns-is-layout-28f84493 wp-block-columns-is-layout-flex\">\n<div class=\"wp-block-column is-layout-flow wp-block-column-is-layout-flow\" style=\"flex-basis:66.66%\">\n<div class=\"wp-block-buttons is-layout-flex wp-block-buttons-is-layout-flex\"><\/div>\n<\/div>\n<\/div>\n\n<h2 class=\"wp-block-heading\" id=\"h-your-email-is-now-confirmed\">Ihre E-Mail ist jetzt best\u00e4tigt.<\/h2>\n\n<p>Wir freuen uns, best\u00e4tigen zu k\u00f6nnen, dass Ihre E-Mail erfolgreich verifiziert wurde und Sie f\u00fcr die ausgew\u00e4hlten Newsletter angemeldet sind.<\/p>\n\n<p>Zus\u00e4tzlich, wenn Sie einen digitalen Download angefordert haben, k\u00f6nnen Sie innerhalb der n\u00e4chsten f\u00fcnf Minuten eine E-Mail mit einem Download-Link erwarten. <\/p>\n\n<p>Vielen Dank, dass Sie riddle.com beigetreten sind!\nWir freuen uns darauf, Sie zu unterst\u00fctzen, w\u00e4hrend Sie Ihre eigenen Quizze, Tests und andere interaktive Inhalte erstellen und teilen. <\/p>\n\n<h2 class=\"wp-block-heading\" id=\"h-start-creating-a-quiz-now\">Beginnen Sie jetzt mit der Erstellung eines Quiz<\/h2>\n\n<p>Nutzen Sie die Wartezeit, indem Sie sich f\u00fcr eine kostenlose Testversion auf riddle.com registrieren.\nEs ist keine Kreditkarte erforderlich.\nSie k\u00f6nnen Ihr erstes Quiz erstellen und die Plattform kennenlernen.   <\/p>\n\n<p>Sie haben die M\u00f6glichkeit, alle Funktionen und Werkzeuge zu testen.\nDann k\u00f6nnen Sie entscheiden, ob riddle.com die richtige Wahl f\u00fcr Ihre Quiz-Erstellungsbed\u00fcrfnisse ist.\nWarum also warten?\nMelden Sie sich jetzt an und entdecken Sie die endlosen M\u00f6glichkeiten auf riddle.com!   <\/p>\n\n<div class=\"wp-block-buttons is-layout-flex wp-block-buttons-is-layout-flex\">\n<div class=\"wp-block-button has-custom-width wp-block-button__width-25 is-style-fill\"><a class=\"wp-block-button__link has-small-font-size has-text-align-center has-custom-font-size wp-element-button\" href=\"https:\/\/www.riddle.com\/creator\/signup?utm_source=blog&amp;utm_medium=referral&amp;utm_campaign=bloglink\" style=\"padding-top:var(--wp--preset--spacing--20);padding-bottom:var(--wp--preset--spacing--20)\" target=\"_blank\" rel=\"noreferrer noopener\">Jetzt bei Riddle anmelden!<\/a><\/div>\n<\/div>\n","protected":false},"excerpt":{"rendered":"<p>Ihre E-Mail ist jetzt best\u00e4tigt. Wir freuen uns, best\u00e4tigen zu k\u00f6nnen, dass Ihre E-Mail erfolgreich verifiziert wurde und Sie f\u00fcr die ausgew\u00e4hlten Newsletter angemeldet sind. Zus\u00e4tzlich, wenn Sie einen digitalen Download angefordert haben, k\u00f6nnen Sie innerhalb der n\u00e4chsten f\u00fcnf Minuten eine E-Mail mit einem Download-Link [&hellip;]<\/p>\n","protected":false},"author":1,"featured_media":0,"parent":0,"menu_order":0,"comment_status":"closed","ping_status":"closed","template":"","meta":{"advgb_blocks_editor_width":"","advgb_blocks_columns_visual_guide":"","site-sidebar-layout":"default","site-content-layout":"","ast-site-content-layout":"default","site-content-style":"default","site-sidebar-style":"default","ast-global-header-display":"","ast-banner-title-visibility":"","ast-main-header-display":"","ast-hfb-above-header-display":"","ast-hfb-below-header-display":"","ast-hfb-mobile-header-display":"","site-post-title":"","ast-breadcrumbs-content":"","ast-featured-img":"","footer-sml-layout":"","ast-disable-related-posts":"","theme-transparent-header-meta":"","adv-header-id-meta":"","stick-header-meta":"","header-above-stick-meta":"","header-main-stick-meta":"","header-below-stick-meta":"","astra-migrate-meta-layouts":"default","ast-page-background-enabled":"default","ast-page-background-meta":{"desktop":{"background-color":"var(--ast-global-color-4)","background-image":"","background-repeat":"repeat","background-position":"center center","background-size":"auto","background-attachment":"scroll","background-type":"","background-media":"","overlay-type":"","overlay-color":"","overlay-opacity":"","overlay-gradient":""},"tablet":{"background-color":"","background-image":"","background-repeat":"repeat","background-position":"center center","background-size":"auto","background-attachment":"scroll","background-type":"","background-media":"","overlay-type":"","overlay-color":"","overlay-opacity":"","overlay-gradient":""},"mobile":{"background-color":"","background-image":"","background-repeat":"repeat","background-position":"center center","background-size":"auto","background-attachment":"scroll","background-type":"","background-media":"","overlay-type":"","overlay-color":"","overlay-opacity":"","overlay-gradient":""}},"ast-content-background-meta":{"desktop":{"background-color":"var(--ast-global-color-5)","background-image":"","background-repeat":"repeat","background-position":"center center","background-size":"auto","background-attachment":"scroll","background-type":"","background-media":"","overlay-type":"","overlay-color":"","overlay-opacity":"","overlay-gradient":""},"tablet":{"background-color":"var(--ast-global-color-5)","background-image":"","background-repeat":"repeat","background-position":"center center","background-size":"auto","background-attachment":"scroll","background-type":"","background-media":"","overlay-type":"","overlay-color":"","overlay-opacity":"","overlay-gradient":""},"mobile":{"background-color":"var(--ast-global-color-5)","background-image":"","background-repeat":"repeat","background-position":"center center","background-size":"auto","background-attachment":"scroll","background-type":"","background-media":"","overlay-type":"","overlay-color":"","overlay-opacity":"","overlay-gradient":""}},"footnotes":""},"class_list":["post-3764","page","type-page","status-publish","hentry"],"coauthors":[],"author_meta":{"author_link":"https:\/\/www.riddle.com\/blog\/de\/author\/janluca\/","display_name":"admin"},"relative_dates":{"created":"Ver\u00f6ffentlicht 4\u00a0Jahren vor","modified":"Aktualisiert 2\u00a0Jahren vor"},"absolute_dates":{"created":"Ver\u00f6ffentlicht am 26. September 2022","modified":"Aktualisiert am 19. August 2024"},"absolute_dates_time":{"created":"Ver\u00f6ffentlicht am 26. September 2022 11:57","modified":"Aktualisiert am 19. August 2024 14:13"},"featured_img_caption":"","featured_img":false,"series_order":"","_links":{"self":[{"href":"https:\/\/www.riddle.com\/blog\/de\/wp-json\/wp\/v2\/pages\/3764","targetHints":{"allow":["GET"]}}],"collection":[{"href":"https:\/\/www.riddle.com\/blog\/de\/wp-json\/wp\/v2\/pages"}],"about":[{"href":"https:\/\/www.riddle.com\/blog\/de\/wp-json\/wp\/v2\/types\/page"}],"author":[{"embeddable":true,"href":"https:\/\/www.riddle.com\/blog\/de\/wp-json\/wp\/v2\/users\/1"}],"replies":[{"embeddable":true,"href":"https:\/\/www.riddle.com\/blog\/de\/wp-json\/wp\/v2\/comments?post=3764"}],"version-history":[{"count":1,"href":"https:\/\/www.riddle.com\/blog\/de\/wp-json\/wp\/v2\/pages\/3764\/revisions"}],"predecessor-version":[{"id":3766,"href":"https:\/\/www.riddle.com\/blog\/de\/wp-json\/wp\/v2\/pages\/3764\/revisions\/3766"}],"wp:attachment":[{"href":"https:\/\/www.riddle.com\/blog\/de\/wp-json\/wp\/v2\/media?parent=3764"}],"curies":[{"name":"wp","href":"https:\/\/api.w.org\/{rel}","templated":true}]}}